{"id":1407,"date":"2020-06-12T08:03:36","date_gmt":"2020-06-12T08:03:36","guid":{"rendered":"https:\/\/fit-and-plus.com\/de.testappcomm.nl\/?page_id=1407"},"modified":"2021-01-19T10:51:43","modified_gmt":"2021-01-19T10:51:43","slug":"ich-bin-fitnesstudio-besucher","status":"publish","type":"page","link":"https:\/\/fit-and-plus.com\/de\/ich-bin-fitnesstudio-besucher\/","title":{"rendered":"Ich bin Fitnessstudio-Besucher"},"content":{"rendered":"<div id='av_section_1'  class='avia-section alternate_color avia-section-default avia-no-border-styling  avia-full-stretch av-section-color-overlay-active avia-bg-style-scroll  avia-builder-el-0  el_before_av_section  avia-builder-el-first   av-minimum-height av-minimum-height-25  container_wrap fullsize' style='background-repeat: no-repeat; background-image: url(https:\/\/fit-and-plus.com\/de\/wp-content\/uploads\/sites\/3\/2020\/03\/fit-en-plus-slider.jpg);background-attachment: scroll; background-position: top left;  '  data-section-bg-repeat='stretch' data-av_minimum_height_pc='25'><div class='av-section-color-overlay-wrap'><div class='av-section-color-overlay' style='opacity: 0.5; background-color: #020202; '><\/div><div class='container' ><main  role=\"main\" itemprop=\"mainContentOfPage\"  class='template-page content  av-content-full alpha units'><div class='post-entry post-entry-type-page post-entry-1407'><div class='entry-content-wrapper clearfix'>\n<div class=\"flex_column av_one_full  av-animated-generic fade-in  flex_column_div av-zero-column-padding first  avia-builder-el-1  avia-builder-el-no-sibling  \" style='border-radius:0px; '><div  style='padding-bottom:30px; font-size:70px;' class='av-special-heading av-special-heading-h1  blockquote modern-quote  avia-builder-el-2  avia-builder-el-no-sibling  av-thin-font av-inherit-size '><h1 class='av-special-heading-tag '  itemprop=\"headline\"  >Fit&amp;Plus Programm<strong>.<\/strong><\/h1><div class ='av-subheading av-subheading_below  ' style='font-size:15px;'><p>Fun, Fast &amp; Functional mit dem zus\u00e4tzlichen PLUS auch f\u00fcr dich!<\/p>\n<\/div><div class='special-heading-border'><div class='special-heading-inner-border' ><\/div><\/div><\/div><\/div>\n\n<\/div><\/div><\/main><!-- close content main element --><\/div><\/div><\/div><div id='av_section_2'  class='avia-section main_color avia-section-large avia-no-border-styling  avia-bg-style-scroll  avia-builder-el-3  el_after_av_section  el_before_av_layout_row   container_wrap fullsize' style=' '  ><div class='container' ><div class='template-page content  av-content-full alpha units'><div class='post-entry post-entry-type-page post-entry-1407'><div class='entry-content-wrapper clearfix'>\n<div  style='padding-bottom:10px; ' class='av-special-heading av-special-heading-h2  blockquote modern-quote  avia-builder-el-4  el_before_av_one_half  avia-builder-el-first  '><h2 class='av-special-heading-tag '  itemprop=\"headline\"  >Was ist Fit&amp;Plus?<\/h2><div class='special-heading-border'><div class='special-heading-inner-border' ><\/div><\/div><\/div>\n<div class=\"flex_column av_one_half  flex_column_div av-zero-column-padding first  avia-builder-el-5  el_after_av_heading  el_before_av_one_half  \" style='border-radius:0px; '><section class=\"av_textblock_section \"  itemscope=\"itemscope\" itemtype=\"https:\/\/schema.org\/CreativeWork\" ><div class='avia_textblock  '   itemprop=\"text\" ><h3>Willst du:<\/h3>\n<ul>\n<li>das Beste aus deinem Leben herausholen?<\/li>\n<li>problemloses arbeiten am Arbeitsplatz?<\/li>\n<li>deinen Sport auf hohem Niveau durchf\u00fchren?<\/li>\n<li>dich optimal in deiner Freizeit entfalten?<\/li>\n<li>auf herausfordernde und unterhaltsamen Weise trainieren?<\/li>\n<li>die beste Anleitung und Top-Ausstattung?<\/li>\n<\/ul>\n<p>Dann ist Fit&amp;Plus genau das Richtige f\u00fcr DICH! Fit&amp;Plus ist f\u00fcr jeden Sportler geeignet, egal auf welchem \u200b\u200bNiveau oder f\u00fcr welchen Zweck.<\/p>\n<\/div><\/section><br \/>\n<div  style='height:30px' class='hr hr-invisible   avia-builder-el-7  el_after_av_textblock  el_before_av_textblock '><span class='hr-inner ' ><span class='hr-inner-style'><\/span><\/span><\/div><br \/>\n<section class=\"av_textblock_section \"  itemscope=\"itemscope\" itemtype=\"https:\/\/schema.org\/CreativeWork\" ><div class='avia_textblock  '   itemprop=\"text\" ><h3>FINDE EIN FIT&amp;PLUS GYM IN DEINER N\u00c4HE UND FRAGEN EINE KOSTENLOSE FIT&amp;PLUS-TESTWOCHE AN!<\/h3>\n<style>\r\n\t#wpsl-stores .wpsl-store-thumb {height:45px !important; width:45px !important;}\r\n\t#wpsl-stores, #wpsl-direction-details, #wpsl-gmap {height:350px !important;}\r\n\t#wpsl-gmap .wpsl-info-window {max-width:225px !important;}\r\n\t.wpsl-input label, #wpsl-radius label, #wpsl-category label {width:95px;}\r\n\t#wpsl-search-input  {width:179px;}\r\n<\/style>\r\n<div id=\"wpsl-wrap\">\r\n\t<div class=\"wpsl-search wpsl-clearfix \">\r\n\t\t<div id=\"wpsl-search-wrap\">\r\n\t\t\t<form autocomplete=\"off\">\r\n\t\t\t<div class=\"wpsl-input\">\r\n\t\t\t\t<div><label for=\"wpsl-search-input\">Dein Standort<\/label><\/div>\r\n\t\t\t\t<input id=\"wpsl-search-input\" type=\"text\" value=\"\" name=\"wpsl-search-input\" placeholder=\"\" aria-required=\"true\" \/>\r\n\t\t\t<\/div>\r\n\t\t\t<div class=\"wpsl-select-wrap\">\r\n\t\t\t\t<div id=\"wpsl-radius\">\r\n\t\t\t\t\t<label for=\"wpsl-radius-dropdown\">Suchradius<\/label>\r\n\t\t\t\t\t<select id=\"wpsl-radius-dropdown\" class=\"wpsl-dropdown\" name=\"wpsl-radius\">\r\n\t\t\t\t\t\t<option value=\"10\">10 km<\/option><option value=\"25\">25 km<\/option><option value=\"50\">50 km<\/option><option value=\"100\">100 km<\/option><option selected=\"selected\" value=\"200\">200 km<\/option><option value=\"500\">500 km<\/option>\r\n\t\t\t\t\t<\/select>\r\n\t\t\t\t<\/div>\r\n\t\t\t<\/div>\r\n\t\t\t\t<div class=\"wpsl-search-btn-wrap\"><input id=\"wpsl-search-btn\" type=\"submit\" value=\"Suche\"><\/div>\r\n\t\t<\/form>\r\n\t\t<\/div>\r\n\t<\/div>\r\n\t<div id=\"wpsl-gmap\" class=\"wpsl-gmap-canvas\"><\/div>\r\n\t<div id=\"wpsl-result-list\">\r\n\t\t<div id=\"wpsl-stores\" >\r\n\t\t\t<ul><\/ul>\r\n\t\t<\/div>\r\n\t\t<div id=\"wpsl-direction-details\">\r\n\t\t\t<ul><\/ul>\r\n\t\t<\/div>\r\n\t<\/div>\r\n<\/div>\r\n\n<\/div><\/section><\/p><\/div><div class=\"flex_column av_one_half  flex_column_div av-zero-column-padding   avia-builder-el-9  el_after_av_one_half  avia-builder-el-last  \" style='border-radius:0px; '><section class=\"av_textblock_section \"  itemscope=\"itemscope\" itemtype=\"https:\/\/schema.org\/CreativeWork\" ><div class='avia_textblock  '   itemprop=\"text\" ><h3><strong>Was kannst du erwarten?<\/strong><\/h3>\n<p>Fit&amp;Plus ist f\u00fcr jeden Sportler geeignet, egal auf welchem \u200b\u200bNiveau oder f\u00fcr welchen Zweck. Fit&amp;Plus bietet die folgenden Workouts:<\/p>\n<p><em>FIT&amp;PLUS for Work<\/em><\/p>\n<div class=\"page\" title=\"Page 1\">\n<div class=\"layoutArea\">\n<div class=\"column\">\n<p>Verbringst du viel Zeit im Sitzen oder fordert dein Beruf k\u00f6rperlich heraus? Mit Fit&amp;Plus WORK wirst du in kurzer Zeit fit, damit du deine Arbeit sorglos und beschwerdefrei erledigen kannst.<\/p>\n<\/div>\n<\/div>\n<\/div>\n<p><em>Fit&amp;Plus for Sports<\/em><\/p>\n<div class=\"page\" title=\"Page 1\">\n<div class=\"layoutArea\">\n<div class=\"column\">\n<p>Nur ein bisschen fr\u00fcher am Ball? Weniger Verletzungen? Ein fitter und trainierter K\u00f6rper bildet die Grundlage jeder sportlichen Leistung. Mit der einzigartigen M\u00f6glichkeit, sehr explosiv zu trainieren, baust du deinen funktionellsten und leistungsf\u00e4higsten K\u00f6rper aller Zeiten!<\/p>\n<\/div>\n<\/div>\n<\/div>\n<p><em>Fit&amp;Plus Fast<\/em><\/p>\n<div class=\"page\" title=\"Page 1\">\n<div class=\"layoutArea\">\n<div class=\"column\">\n<p>Arbeit, Kinder, ein soziales Leben. Also keine Zeit f\u00fcr lange und langweilige Trainingseinheiten? Mit Fit&amp;Plus Fast wirst du nicht nur innerhalb von<br \/>\n25 Minuten fitter, sondern vor allem besser in den Bewegungen, die du in deinem gesch\u00e4ftigen Alltag ausf\u00fchren musst! Worauf wartest du noch?<\/p>\n<\/div>\n<\/div>\n<\/div>\n<p><em>Fit&amp;Plus Stay Functional<\/em><\/p>\n<div class=\"page\" title=\"Page 1\">\n<div class=\"layoutArea\">\n<div class=\"column\">\n<p>Wir werden \u00e4lter, aber werden wir auch vital alt? Oder werden allt\u00e4gliche Aufgaben immer schwieriger? Um in einem h\u00f6heren Alter funktionieren zu k\u00f6nnen, sind sowohl Kraft als auch Geschwindigkeit erforderlich. Fit&amp;Plus verleiht deinem Programm diese unverzichtbare Geschwindigkeit. Erlebe die Vorteile, selbstst\u00e4ndig und funktional zu bleiben!<\/p>\n<\/div>\n<\/div>\n<\/div>\n<p><em>Fit&amp;Plus for Health<\/em><\/p>\n<div class=\"page\" title=\"Page 1\">\n<div class=\"layoutArea\">\n<div class=\"column\">\n<p>Wir brauchen stetig weniger aktiv sein. Aber wo alles automatisiert ist, entstehen gesundheitliche Probleme. M\u00f6chtest du diesen Problemen vorbeugen oder das Beste aus deinem Leben herausholen? Fit&amp;Plus for Health ist das Programm f\u00fcr dich.<\/p>\n<\/div>\n<\/div>\n<\/div>\n<\/div><\/section><\/div>\n\n<\/div><\/div><\/div><!-- close content main div --><\/div><\/div><div id='av-layout-grid-1'  class='av-layout-grid-container entry-content-wrapper alternate_color av-flex-cells     avia-builder-el-11  el_after_av_section  el_before_av_masonry_gallery  submenu-not-first container_wrap fullsize' style=' '  >\n<div class=\"flex_cell no_margin av_one_half  avia-builder-el-12  el_before_av_cell_one_half  avia-builder-el-first   avia-full-stretch av-zero-padding \"  style='background: #191919; vertical-align:middle; padding:0px; background-color:#191919; ' ><div class='flex_cell_inner' ><div  class='avia-image-container  av-styling-    avia-builder-el-13  avia-builder-el-no-sibling  avia-align-center '  itemprop=\"image\" itemscope=\"itemscope\" itemtype=\"https:\/\/schema.org\/ImageObject\"  ><div class='avia-image-container-inner'><div class='avia-image-overlay-wrap'><img class='avia_image' src='https:\/\/fit-and-plus.com\/de\/wp-content\/uploads\/sites\/3\/2020\/03\/102784_08_Functional_Trainer_0011-1-1030x688.jpg' alt='' title='102784_08_Functional_Trainer_0011' height=\"688\" width=\"1030\"  itemprop=\"thumbnailUrl\"  \/><\/div><\/div><\/div>\n<\/div><\/div><div class=\"flex_cell no_margin av_one_half  avia-builder-el-14  el_after_av_cell_one_half  avia-builder-el-last   \"  style='vertical-align:middle; padding:100px; ' ><div class='flex_cell_inner' ><p><div  style='padding-bottom:20px; font-size:50px;' class='av-special-heading av-special-heading-h1  blockquote modern-quote  avia-builder-el-15  el_before_av_textblock  avia-builder-el-first  av-inherit-size '><h1 class='av-special-heading-tag '  itemprop=\"headline\"  >Sie sind dir schon vorausgegangen<\/h1><div class ='av-subheading av-subheading_below  ' style='font-size:15px;'><p>Lesen Sie hier die Erfahrungen einer Reihe von Athleten, die mit Fit&amp;Plus trainieren:<\/p>\n<\/div><div class='special-heading-border'><div class='special-heading-inner-border' ><\/div><\/div><\/div><br \/>\n<section class=\"av_textblock_section \"  itemscope=\"itemscope\" itemtype=\"https:\/\/schema.org\/CreativeWork\" ><div class='avia_textblock  '   itemprop=\"text\" ><p>&#8220;Ein feines Training an den luftdruckgesteuerten Ger\u00e4ten, insbesondere die Stille und der stufenlos einstellbare Widerstand, ist sehr angenehm. Nach 2 Monaten macht es sogar s\u00fcchtig!!&#8221; Coos<\/p>\n<p>&#8220;Es ist unglaublich, dass ich mit einer so abwechslungsreichen und ma\u00dfgeschneiderten Ausr\u00fcstung trainieren kann!&#8221; Mickey<\/p>\n<p>&#8220;Mit dieser Ausr\u00fcstung macht mir Krafttraining sogar Spa\u00df!&#8221; Lucy<\/p>\n<\/div><\/section><\/p>\n<\/div><\/div>\n<\/div>\n<div id='av-masonry-1' class='av-masonry  noHover av-fixed-size av-large-gap av-hover-overlay-active av-masonry-animation-active av-masonry-col-4 av-caption-always av-caption-style- av-masonry-gallery     ' style='background-color:#191919; ' ><div class='av-masonry-container isotope av-js-disabled ' ><div class='av-masonry-entry isotope-item av-masonry-item-no-image '><\/div><a href=\"https:\/\/fit-and-plus.com\/de\/wp-content\/uploads\/sites\/3\/2020\/03\/102784_10_Cardio_M5i_0220-1030x688.jpg\" id='av-masonry-1-item-866' data-av-masonry-item='866' class='av-masonry-entry isotope-item post-866 attachment type-attachment status-inherit hentry  av-masonry-item-with-image' title=\"102784_10_Cardio_M5i_0220\"  itemprop=\"thumbnailUrl\" ><div class='av-inner-masonry-sizer'><\/div><figure class='av-inner-masonry main_color'><div class=\"av-masonry-outerimage-container\"><div class=\"av-masonry-image-container\" style=\"background-image: url(https:\/\/fit-and-plus.com\/de\/wp-content\/uploads\/sites\/3\/2020\/03\/102784_10_Cardio_M5i_0220-705x471.jpg);\" title=\"102784_10_Cardio_M5i_0220\" ><\/div><\/div><\/figure><\/a><!--end av-masonry entry--><a href=\"https:\/\/fit-and-plus.com\/de\/wp-content\/uploads\/sites\/3\/2020\/03\/102784_08_Functional_Trainer_0011-1-1030x688.jpg\" id='av-masonry-1-item-865' data-av-masonry-item='865' class='av-masonry-entry isotope-item post-865 attachment type-attachment status-inherit hentry  av-masonry-item-with-image' title=\"102784_08_Functional_Trainer_0011\"  itemprop=\"thumbnailUrl\" ><div class='av-inner-masonry-sizer'><\/div><figure class='av-inner-masonry main_color'><div class=\"av-masonry-outerimage-container\"><div class=\"av-masonry-image-container\" style=\"background-image: url(https:\/\/fit-and-plus.com\/de\/wp-content\/uploads\/sites\/3\/2020\/03\/102784_08_Functional_Trainer_0011-1-705x471.jpg);\" title=\"102784_08_Functional_Trainer_0011\" ><\/div><\/div><\/figure><\/a><!--end av-masonry entry--><a href=\"https:\/\/fit-and-plus.com\/de\/wp-content\/uploads\/sites\/3\/2020\/03\/102784_01_Strength_Air_350_0039-1030x688.jpg\" id='av-masonry-1-item-864' data-av-masonry-item='864' class='av-masonry-entry isotope-item post-864 attachment type-attachment status-inherit hentry  av-masonry-item-with-image' title=\"102784_01_Strength_Air_350_0039\"  itemprop=\"thumbnailUrl\" ><div class='av-inner-masonry-sizer'><\/div><figure class='av-inner-masonry main_color'><div class=\"av-masonry-outerimage-container\"><div class=\"av-masonry-image-container\" style=\"background-image: url(https:\/\/fit-and-plus.com\/de\/wp-content\/uploads\/sites\/3\/2020\/03\/102784_01_Strength_Air_350_0039-705x471.jpg);\" title=\"102784_01_Strength_Air_350_0039\" ><\/div><\/div><\/figure><\/a><!--end av-masonry entry--><a href=\"https:\/\/fit-and-plus.com\/de\/wp-content\/uploads\/sites\/3\/2020\/03\/Air300LegPress_Grandma_361-B_Final-1030x687.jpg\" id='av-masonry-1-item-863' data-av-masonry-item='863' class='av-masonry-entry isotope-item post-863 attachment type-attachment status-inherit hentry  av-masonry-item-with-image' title=\"Air300LegPress_Grandma_361-B_Final\"  itemprop=\"thumbnailUrl\" ><div class='av-inner-masonry-sizer'><\/div><figure class='av-inner-masonry main_color'><div class=\"av-masonry-outerimage-container\"><div class=\"av-masonry-image-container\" style=\"background-image: url(https:\/\/fit-and-plus.com\/de\/wp-content\/uploads\/sites\/3\/2020\/03\/Air300LegPress_Grandma_361-B_Final-705x470.jpg);\" title=\"Air300LegPress_Grandma_361-B_Final\" ><\/div><\/div><\/figure><\/a><!--end av-masonry entry--><\/div><\/div>\n<div id='av_section_3'  class='avia-section alternate_color avia-section-huge avia-no-border-styling  avia-full-stretch av-section-color-overlay-active avia-bg-style-fixed  avia-builder-el-18  el_after_av_masonry_gallery  avia-builder-el-last   container_wrap fullsize' style='background-repeat: no-repeat; background-image: url(https:\/\/fit-and-plus.com\/de\/wp-content\/uploads\/sites\/3\/2020\/03\/102784_08_Functional_Trainer_0011-1.jpg);background-attachment: fixed; background-position: center center;  '  data-section-bg-repeat='stretch'><div class='av-section-color-overlay-wrap'><div class='av-section-color-overlay' style='opacity: 0.8; background-color: #000000; '><\/div><div class='container' ><div class='template-page content  av-content-full alpha units'><div class='post-entry post-entry-type-page post-entry-1407'><div class='entry-content-wrapper clearfix'>\n<div class=\"flex_column av_one_fifth  flex_column_div av-zero-column-padding first  avia-builder-el-19  el_before_av_three_fifth  avia-builder-el-first  \" style='border-radius:0px; '><\/div><div class=\"flex_column av_three_fifth  flex_column_div av-zero-column-padding   avia-builder-el-20  el_after_av_one_fifth  el_before_av_one_fifth  \" style='border-radius:0px; '><p><div  style='padding-bottom:20px; font-size:50px;' class='av-special-heading av-special-heading-h1  blockquote modern-quote modern-centered  avia-builder-el-21  el_before_av_textblock  avia-builder-el-first  av-thin-font av-inherit-size '><h1 class='av-special-heading-tag '  itemprop=\"headline\"  >Interesse<strong>?<\/strong><\/h1><div class='special-heading-border'><div class='special-heading-inner-border' ><\/div><\/div><\/div><br \/>\n<section class=\"av_textblock_section \"  itemscope=\"itemscope\" itemtype=\"https:\/\/schema.org\/CreativeWork\" ><div class='avia_textblock  '   itemprop=\"text\" ><p style=\"text-align: center;\">Denkst du, dass das Fit&amp;Plus-Programm f\u00fcr dich geeignet ist? Schau auf die Karte um ein Fit&amp;Plus-Fitnessstudio in deiner N\u00e4he zu finden und fordere eine kostenlose Fit&amp;Plus-Testwoche an!<\/p>\n<p style=\"text-align: center;\">Bei Fragen kontaktiere uns bitte unter 02309 6497701 oder sende eine E-Mail an<br \/>\n<a href=\"mailto:info@fit-and-plus.com\" target=\"_blank\" rel=\"noopener noreferrer\">info@fit-and-plus.com<\/a><\/p>\n<\/div><\/section><\/p><\/div><div class=\"flex_column av_one_fifth  flex_column_div av-zero-column-padding   avia-builder-el-23  el_after_av_three_fifth  avia-builder-el-last  \" style='border-radius:0px; '><\/div>\n","protected":false},"excerpt":{"rendered":"","protected":false},"author":1,"featured_media":0,"parent":0,"menu_order":0,"comment_status":"closed","ping_status":"closed","template":"","meta":{"footnotes":""},"class_list":["post-1407","page","type-page","status-publish","hentry"],"_links":{"self":[{"href":"https:\/\/fit-and-plus.com\/de\/wp-json\/wp\/v2\/pages\/1407","targetHints":{"allow":["GET"]}}],"collection":[{"href":"https:\/\/fit-and-plus.com\/de\/wp-json\/wp\/v2\/pages"}],"about":[{"href":"https:\/\/fit-and-plus.com\/de\/wp-json\/wp\/v2\/types\/page"}],"author":[{"embeddable":true,"href":"https:\/\/fit-and-plus.com\/de\/wp-json\/wp\/v2\/users\/1"}],"replies":[{"embeddable":true,"href":"https:\/\/fit-and-plus.com\/de\/wp-json\/wp\/v2\/comments?post=1407"}],"version-history":[{"count":21,"href":"https:\/\/fit-and-plus.com\/de\/wp-json\/wp\/v2\/pages\/1407\/revisions"}],"predecessor-version":[{"id":1741,"href":"https:\/\/fit-and-plus.com\/de\/wp-json\/wp\/v2\/pages\/1407\/revisions\/1741"}],"wp:attachment":[{"href":"https:\/\/fit-and-plus.com\/de\/wp-json\/wp\/v2\/media?parent=1407"}],"curies":[{"name":"wp","href":"https:\/\/api.w.org\/{rel}","templated":true}]}}