{"id":515,"date":"2016-05-11T13:49:10","date_gmt":"2016-05-11T13:49:10","guid":{"rendered":"http:\/\/wpoffice\/enfold-fitness\/?page_id=515"},"modified":"2021-01-19T10:17:41","modified_gmt":"2021-01-19T10:17:41","slug":"unternehmer","status":"publish","type":"page","link":"https:\/\/fit-and-plus.com\/de\/unternehmer\/","title":{"rendered":"Ich bin Unternehmer"},"content":{"rendered":"<div id='av_section_1'  class='avia-section alternate_color avia-section-default avia-no-border-styling  avia-full-stretch av-section-color-overlay-active avia-bg-style-scroll  avia-builder-el-0  el_before_av_section  avia-builder-el-first   av-minimum-height av-minimum-height-25  container_wrap fullsize' style='background-repeat: no-repeat; background-image: url(https:\/\/fit-and-plus.com\/de\/wp-content\/uploads\/sites\/3\/2020\/03\/fit-en-plus-slider.jpg);background-attachment: scroll; background-position: top left;  '  data-section-bg-repeat='stretch' data-av_minimum_height_pc='25'><div class='av-section-color-overlay-wrap'><div class='av-section-color-overlay' style='opacity: 0.5; background-color: #020202; '><\/div><div class='container' ><main  role=\"main\" itemprop=\"mainContentOfPage\"  class='template-page content  av-content-full alpha units'><div class='post-entry post-entry-type-page post-entry-515'><div class='entry-content-wrapper clearfix'>\n<div class=\"flex_column av_one_full  av-animated-generic fade-in  flex_column_div av-zero-column-padding first  avia-builder-el-1  avia-builder-el-no-sibling  \" style='border-radius:0px; '><div  style='padding-bottom:30px; font-size:70px;' class='av-special-heading av-special-heading-h1  blockquote modern-quote  avia-builder-el-2  avia-builder-el-no-sibling  av-thin-font av-inherit-size '><h1 class='av-special-heading-tag '  itemprop=\"headline\"  >Fit&amp;Plus Program<strong>.<\/strong><\/h1><div class ='av-subheading av-subheading_below  ' style='font-size:15px;'><p>Unser komplettes funktionales trainings-boutique-Konzept<\/p>\n<\/div><div class='special-heading-border'><div class='special-heading-inner-border' ><\/div><\/div><\/div><\/div>\n\n<\/div><\/div><\/main><!-- close content main element --><\/div><\/div><\/div><div id='av_section_2'  class='avia-section main_color avia-section-large avia-no-border-styling  avia-bg-style-scroll  avia-builder-el-3  el_after_av_section  el_before_av_layout_row   container_wrap fullsize' style=' '  ><div class='container' ><div class='template-page content  av-content-full alpha units'><div class='post-entry post-entry-type-page post-entry-515'><div class='entry-content-wrapper clearfix'>\n<div  style='padding-bottom:10px; ' class='av-special-heading av-special-heading-h2  blockquote modern-quote  avia-builder-el-4  el_before_av_one_half  avia-builder-el-first  '><h2 class='av-special-heading-tag '  itemprop=\"headline\"  >Was ist Fit&amp;Plus?<\/h2><div class='special-heading-border'><div class='special-heading-inner-border' ><\/div><\/div><\/div>\n<div class=\"flex_column av_one_half  flex_column_div av-zero-column-padding first  avia-builder-el-5  el_after_av_heading  el_before_av_one_half  \" style='border-radius:0px; '><p><section class=\"av_textblock_section \"  itemscope=\"itemscope\" itemtype=\"https:\/\/schema.org\/CreativeWork\" ><div class='avia_textblock  '   itemprop=\"text\" ><p>Fit&amp;Plus ist ein Konzept, das sich an Unternehmer in der Physio- und Fitnessbranche richtet, die mehr tun oder wachsen m\u00f6chten und Unterst\u00fctzung ben\u00f6tigen. Fit&amp;Plus bietet Tools, um diesen Schritt zu wagen. Mit Fit&amp;Plus werden Unternehmer nicht nur mit der Gestaltung ihres Fitnessraums oder ihrer Praxis unterst\u00fctzt, sondern auch in Gesch\u00e4ftsabl\u00e4ufen von A bis Z. Zum Beispiel bieten wir Marketingkampagnen und -materialien, Schulungen, Coaching-Gespr\u00e4che, monatliche Workouts und erfolgreiche Mitgliedergewinnung. Diese Mitgliederwerbung ist sorgf\u00e4ltig auf die lokale Situation und die beabsichtigten Zielgruppen zugeschnitten.<\/p>\n<h5>Eine leistungsstarke Zusammenarbeit zwischen Keiser Deutschland und LIJFSTIJL Coaches<\/h5>\n<p>Keiser Deutschland hat sich mit LIJFSTIJL Coaches f\u00fcr dieses Konzept zusammengeschlossen.\u00a0Zus\u00e4tzlich zu Keiser&#8217;s einzigartiger Ausr\u00fcstung nutzt du das Wissen und die Unterst\u00fctzung von LIJFSTIJL Coaches im Rahmen des Fit&amp;Plus-Konzepts in den Niederlanden und in Belgien. Mehr als 250 Profis (Trainer) sind Teil dieser Plattform.<\/p>\n<h5>QUALIT\u00c4TSAUSR\u00dcSTUNG VON KEISER<\/h5>\n<p>Keiser Deutschland ist ein Anbieter von Cardio-, Kraft- und Trainingsger\u00e4ten, bei denen der Widerstand durch LUFT erzeugt wird. Dies bringt eine Reihe einzigartiger Eigenschaften mit sich, beispielsweise, dass aufgrund des konstanten Widerstands w\u00e4hrend der gesamten Bewegung keine Sto\u00dfbelastung auftritt, was das Training mit Schnellkraft erm\u00f6glicht. Dar\u00fcber hinaus kann der Widerstand sehr niedrig eingestellt und mit einem einfachen Knopfdruck in Schritten von 100 Gramm erh\u00f6ht werden. Dies erm\u00f6glicht die Verwendung eines Zirkeltrainings f\u00fcr verschiedene Zielgruppen: (Top-) Sportler, \u00e4ltere Menschen, Menschen mit \u00dcbergewicht, Einsteiger, oder Menschen, die sich nach einer Operation oder Verletzung rehabilitieren.<\/p>\n<p>Fit&amp;Plus bietet dir Hilfe, um dein Unternehmen auf die n\u00e4chste Stufe zu bringen, sodass Du dich voll und ganz darauf konzentrieren kannst, deine Mitglieder st\u00e4rker, schneller, ges\u00fcnder, fitter und\/oder schlanker zu machen!<\/p>\n<\/div><\/section><br \/>\n<div  style='height:30px' class='hr hr-invisible   avia-builder-el-7  el_after_av_textblock  el_before_av_button '><span class='hr-inner ' ><span class='hr-inner-style'><\/span><\/span><\/div><br \/>\n<div  class='avia-button-wrap avia-button-left  avia-builder-el-8  el_after_av_hr  avia-builder-el-last ' ><a href='https:\/\/fit-and-plus.com\/de\/registrieren\/'  class='avia-button av-icon-on-hover  avia-icon_select-yes-right-icon avia-color-theme-color avia-size-large avia-position-left '   ><span class='avia_iconbox_title' >ANMELDEN<\/span><span class='avia_button_icon avia_button_icon_right' aria-hidden='true' data-av_icon='\ue879' data-av_iconfont='entypo-fontello'><\/span><\/a><\/div><\/p><\/div><div class=\"flex_column av_one_half  flex_column_div av-zero-column-padding   avia-builder-el-9  el_after_av_one_half  avia-builder-el-last  \" style='border-radius:0px; '><section class=\"av_textblock_section \"  itemscope=\"itemscope\" itemtype=\"https:\/\/schema.org\/CreativeWork\" ><div class='avia_textblock  '   itemprop=\"text\" ><h3>Startklar und bereit f\u00fcr jeden Unternehmer<\/h3>\n<p>Fit&amp;Plus bietet Unternehmern ein vorgefertigtes Programm, in dem alles von den Fitnessger\u00e4ten bis zum gesamten Unternehmertum abgedeckt ist,\u00a0einschlie\u00dflich der Unterst\u00fctzung durch professionelle Trainer. Dar\u00fcber hinaus steht Fit&amp;Plus jedem zur Verf\u00fcgung, egal ob Du ein kleines oder gro\u00dfes Unternehmen hast. Es gibt verschiedene (Leasing-) Pakete mit Fitnessger\u00e4ten und einer Lizenz von LijfstijlCoaches\u00a0<strong>ab 796 \u20ac pro Monat<\/strong>.<\/p>\n<h3>Ein Zirkel f\u00fcr alle Zielgruppen<\/h3>\n<p>Ob Du Physiotherapeut, Personal Trainer oder Fitnessunternehmer bist; Jeder Unternehmer kann mit Fit&amp;Plus beginnen. Dies liegt daran, dass mit dem Konzept alle Zielgruppen auf jeder Ebene f\u00fcr jeden Zweck geschult werden k\u00f6nnen. Eine \u00dcbersicht \u00fcber eine Reihe von Endbenutzern:<\/p>\n<ul>\n<li>Menschen, die ihre Arbeit viel im Sitzen verbringen;<\/li>\n<li>Menschen, die viel Sport treiben, aber Verletzungen vorbeugen m\u00f6chten;<\/li>\n<li>Menschen, die einen gesunden und trainierten K\u00f6rper erhalten oder st\u00e4rker werden wollen;<\/li>\n<li>Personen, die sich f\u00fcr ein 25 Minuten Training entscheiden;<\/li>\n<li>\u00c4ltere Menschen, die funktional und unabh\u00e4ngig bleiben wollen.<\/li>\n<\/ul>\n<p><em>Eine Reihe von l\u00e4ngerfristigen Vorteilen<\/em><\/p>\n<ul>\n<li>Aufgrund der erfolgreichen Kampagnen und Verk\u00e4ufe, bei denen Du mehr Anfragen erh\u00e4ltst, ist der Prozentsatz vom Interessenten zum Kunden h\u00f6her, sodass Du mehr Mitglieder gewinnen und halten kannst;<\/li>\n<li>Zufriedene Kunden bleiben l\u00e4nger; weniger Verlust von Mitgliedern;<\/li>\n<li>Du arbeitest effizienter, sparst Zeit und Kosten;<\/li>\n<li>Mit der Zeit erarbeitest du dir mehr \u00dcberblick und eine bessere Gesch\u00e4ftsf\u00fchrung.<\/li>\n<\/ul>\n<\/div><\/section><\/div><\/div><\/div><\/div><!-- close content main div --><\/div><\/div><div id='av-layout-grid-1'  class='av-layout-grid-container entry-content-wrapper alternate_color av-flex-cells     avia-builder-el-11  el_after_av_section  el_before_av_masonry_gallery  submenu-not-first container_wrap fullsize' style=' '  >\n<div class=\"flex_cell no_margin av_one_half  avia-builder-el-12  el_before_av_cell_one_half  avia-builder-el-first   avia-full-stretch av-zero-padding \"  style='background: #191919; vertical-align:middle; padding:0px; background-color:#191919; ' ><div class='flex_cell_inner' ><div  class='avia-image-container  av-styling-    avia-builder-el-13  avia-builder-el-no-sibling  avia-align-center '  itemprop=\"image\" itemscope=\"itemscope\" itemtype=\"https:\/\/schema.org\/ImageObject\"  ><div class='avia-image-container-inner'><div class='avia-image-overlay-wrap'><img class='avia_image' src='https:\/\/fit-and-plus.com\/de\/wp-content\/uploads\/sites\/3\/2020\/03\/102784_08_Functional_Trainer_0011-1-1030x688.jpg' alt='' title='102784_08_Functional_Trainer_0011' height=\"688\" width=\"1030\"  itemprop=\"thumbnailUrl\"  \/><\/div><\/div><\/div>\n<\/div><\/div><div class=\"flex_cell no_margin av_one_half  avia-builder-el-14  el_after_av_cell_one_half  avia-builder-el-last   \"  style='vertical-align:middle; padding:100px; ' ><div class='flex_cell_inner' ><p><div  style='padding-bottom:20px; font-size:50px;' class='av-special-heading av-special-heading-h1  blockquote modern-quote  avia-builder-el-15  el_before_av_textblock  avia-builder-el-first  av-inherit-size '><h1 class='av-special-heading-tag '  itemprop=\"headline\"  >Das sagt<\/h1><div class ='av-subheading av-subheading_below  ' style='font-size:15px;'><p>Doriene Verzijlenberg, Fit&amp;Plus-Unternehmerin Fytaal in Baarn (NL):<\/p>\n<\/div><div class='special-heading-border'><div class='special-heading-inner-border' ><\/div><\/div><\/div><br \/>\n<section class=\"av_textblock_section \"  itemscope=\"itemscope\" itemtype=\"https:\/\/schema.org\/CreativeWork\" ><div class='avia_textblock  '   itemprop=\"text\" ><p>\u201eDie Ankunft des Fit&amp;Plus-Zirkels mit zus\u00e4tzlicher Ausr\u00fcstung hat mein pers\u00f6nliches Training, mein pers\u00f6nliches Gruppentraining, aber auch meine physiotherapeutischen Behandlungen vielseitiger und vollst\u00e4ndiger gemacht. W\u00e4hrend dieser Sitzungen kann ich nicht nur mehr anbieten, sondern es wurde auch eine zus\u00e4tzliche Einnahmequelle hinzugef\u00fcgt, da ich jetzt Fit&amp;Plus-Gruppentrainingskurse anbieten kann. Dies erm\u00f6glichte es mir, eine neue Zielgruppe anzusprechen, die normalerweise nie mit mir trainieren w\u00fcrde.<\/p>\n<p>Meine Kunden reagieren sehr enthusiastisch, sobald sie an den Keiser-Ger\u00e4te trainiert haben, sp\u00fcren sie sofort den Unterschied zu den normalen Fitnessger\u00e4ten. Aufgrund des gleichm\u00e4\u00dfigen Luftdrucks ist die Belastung von Sehnen und Gelenken viel geringer, was es ideal f\u00fcr Verletzungen und Personen mit geringer Belastungsgrenze macht. Da der Luftdruck w\u00e4hrend der Bewegung eingestellt werden kann, gibt es so viele Trainingsm\u00f6glichkeiten. Daher wird das Training nie langweilig und jeder kann sich auf jeder Ebene selbst herausfordern.\u201c<\/p>\n<\/div><\/section><\/p>\n<\/div><\/div>\n<\/div><\/p>\n<div id='av-masonry-1' class='av-masonry  noHover av-fixed-size av-large-gap av-hover-overlay-active av-masonry-animation-active av-masonry-col-4 av-caption-always av-caption-style- av-masonry-gallery     ' style='background-color:#191919; ' ><div class='av-masonry-container isotope av-js-disabled ' ><div class='av-masonry-entry isotope-item av-masonry-item-no-image '><\/div><a href=\"https:\/\/fit-and-plus.com\/de\/wp-content\/uploads\/sites\/3\/2020\/03\/102784_10_Cardio_M5i_0220-1030x688.jpg\" id='av-masonry-1-item-866' data-av-masonry-item='866' class='av-masonry-entry isotope-item post-866 attachment type-attachment status-inherit hentry  av-masonry-item-with-image' title=\"102784_10_Cardio_M5i_0220\"  itemprop=\"thumbnailUrl\" ><div class='av-inner-masonry-sizer'><\/div><figure class='av-inner-masonry main_color'><div class=\"av-masonry-outerimage-container\"><div class=\"av-masonry-image-container\" style=\"background-image: url(https:\/\/fit-and-plus.com\/de\/wp-content\/uploads\/sites\/3\/2020\/03\/102784_10_Cardio_M5i_0220-705x471.jpg);\" title=\"102784_10_Cardio_M5i_0220\" ><\/div><\/div><\/figure><\/a><!--end av-masonry entry--><a href=\"https:\/\/fit-and-plus.com\/de\/wp-content\/uploads\/sites\/3\/2020\/03\/102784_08_Functional_Trainer_0011-1-1030x688.jpg\" id='av-masonry-1-item-865' data-av-masonry-item='865' class='av-masonry-entry isotope-item post-865 attachment type-attachment status-inherit hentry  av-masonry-item-with-image' title=\"102784_08_Functional_Trainer_0011\"  itemprop=\"thumbnailUrl\" ><div class='av-inner-masonry-sizer'><\/div><figure class='av-inner-masonry main_color'><div class=\"av-masonry-outerimage-container\"><div class=\"av-masonry-image-container\" style=\"background-image: url(https:\/\/fit-and-plus.com\/de\/wp-content\/uploads\/sites\/3\/2020\/03\/102784_08_Functional_Trainer_0011-1-705x471.jpg);\" title=\"102784_08_Functional_Trainer_0011\" ><\/div><\/div><\/figure><\/a><!--end av-masonry entry--><a href=\"https:\/\/fit-and-plus.com\/de\/wp-content\/uploads\/sites\/3\/2020\/03\/102784_01_Strength_Air_350_0039-1030x688.jpg\" id='av-masonry-1-item-864' data-av-masonry-item='864' class='av-masonry-entry isotope-item post-864 attachment type-attachment status-inherit hentry  av-masonry-item-with-image' title=\"102784_01_Strength_Air_350_0039\"  itemprop=\"thumbnailUrl\" ><div class='av-inner-masonry-sizer'><\/div><figure class='av-inner-masonry main_color'><div class=\"av-masonry-outerimage-container\"><div class=\"av-masonry-image-container\" style=\"background-image: url(https:\/\/fit-and-plus.com\/de\/wp-content\/uploads\/sites\/3\/2020\/03\/102784_01_Strength_Air_350_0039-705x471.jpg);\" title=\"102784_01_Strength_Air_350_0039\" ><\/div><\/div><\/figure><\/a><!--end av-masonry entry--><a href=\"https:\/\/fit-and-plus.com\/de\/wp-content\/uploads\/sites\/3\/2020\/03\/Air300LegPress_Grandma_361-B_Final-1030x687.jpg\" id='av-masonry-1-item-863' data-av-masonry-item='863' class='av-masonry-entry isotope-item post-863 attachment type-attachment status-inherit hentry  av-masonry-item-with-image' title=\"Air300LegPress_Grandma_361-B_Final\"  itemprop=\"thumbnailUrl\" ><div class='av-inner-masonry-sizer'><\/div><figure class='av-inner-masonry main_color'><div class=\"av-masonry-outerimage-container\"><div class=\"av-masonry-image-container\" style=\"background-image: url(https:\/\/fit-and-plus.com\/de\/wp-content\/uploads\/sites\/3\/2020\/03\/Air300LegPress_Grandma_361-B_Final-705x470.jpg);\" title=\"Air300LegPress_Grandma_361-B_Final\" ><\/div><\/div><\/figure><\/a><!--end av-masonry entry--><\/div><\/div>\n<div id='av_section_3'  class='avia-section main_color avia-section-large avia-no-border-styling  avia-bg-style-scroll  avia-builder-el-18  el_after_av_masonry_gallery  el_before_av_section   container_wrap fullsize' style=' '  ><div class='container' ><div class='template-page content  av-content-full alpha units'><div class='post-entry post-entry-type-page post-entry-515'><div class='entry-content-wrapper clearfix'>\n<div  style='padding-bottom:20px; font-size:50px;' class='av-special-heading av-special-heading-h2  blockquote modern-quote modern-centered  avia-builder-el-19  el_before_av_one_full  avia-builder-el-first  av-thin-font av-inherit-size '><h2 class='av-special-heading-tag '  itemprop=\"headline\"  >Werde Fit&amp;Plus Unternehmer<strong>?<\/strong><\/h2><div class ='av-subheading av-subheading_below  ' style='font-size:15px;'><p>Bist du bereit f\u00fcr den n\u00e4chsten Schritt als Unternehmer?<\/p>\n<\/div><div class='special-heading-border'><div class='special-heading-inner-border' ><\/div><\/div><\/div>\n<div class=\"flex_column av_one_full  flex_column_div av-zero-column-padding first  avia-builder-el-20  el_after_av_heading  avia-builder-el-last  \" style='border-radius:0px; '><section class=\"av_textblock_section \"  itemscope=\"itemscope\" itemtype=\"https:\/\/schema.org\/CreativeWork\" ><div class='avia_textblock  '   itemprop=\"text\" ><p style=\"text-align: center;\">Suchst du ein umfassendes Konzept, um dein Studio wirklich erfolgreich zu machen?<br \/>\nM\u00f6chtest du Ger\u00e4te, die sowohl f\u00fcr die Rehabilitation als auch f\u00fcr Leistungstraining perfekt sind?<br \/>\nM\u00f6chtest du mit nur einem Konzept verschiedene Zielgruppen trainieren k\u00f6nnen?<br \/>\nMache den Schritt vom Trainer zum Unternehmer?<\/p>\n<\/div><\/section><br \/>\n<section class=\"av_textblock_section \"  itemscope=\"itemscope\" itemtype=\"https:\/\/schema.org\/CreativeWork\" ><div class='avia_textblock  '   itemprop=\"text\" ><p style=\"text-align: center;\">Dann vereinbare jetzt unverbindlich einen Termin f\u00fcr eine erste Beratung. Dies kann telefonisch, per Videoanruf oder pers\u00f6nlich erfolgen.<\/p>\n<\/div><\/section><br \/>\n<div  class='avia-button-wrap avia-button-center  avia-builder-el-23  el_after_av_textblock  avia-builder-el-last ' ><a href='https:\/\/fit-and-plus.com\/de\/kontakt\/'  class='avia-button   avia-icon_select-no avia-color-theme-color avia-size-medium avia-position-center '   ><span class='avia_iconbox_title' >Kontaktiere uns<\/span><\/a><\/div><\/p><\/div>\n\n<\/div><\/div><\/div><!-- close content main div --><\/div><\/div><div id='av_section_4'  class='avia-section alternate_color avia-section-large avia-no-border-styling  avia-full-stretch av-section-color-overlay-active avia-bg-style-fixed  avia-builder-el-24  el_after_av_section  el_before_av_section   container_wrap fullsize' style='background-repeat: no-repeat; background-image: url(https:\/\/fit-and-plus.com\/de\/wp-content\/uploads\/sites\/3\/2020\/03\/GolfProgression-Black_Final.jpg);background-attachment: fixed; background-position: center center;  '  data-section-bg-repeat='stretch'><div class='av-section-color-overlay-wrap'><div class='av-section-color-overlay' style='opacity: 0.8; background-color: #000000; '><\/div><div class='container' ><div class='template-page content  av-content-full alpha units'><div class='post-entry post-entry-type-page post-entry-515'><div class='entry-content-wrapper clearfix'>\n<div class=\"flex_column av_one_fifth  flex_column_div av-zero-column-padding first  avia-builder-el-25  el_before_av_three_fifth  avia-builder-el-first  \" style='border-radius:0px; '><\/div><div class=\"flex_column av_three_fifth  flex_column_div av-zero-column-padding   avia-builder-el-26  el_after_av_one_fifth  el_before_av_one_fifth  \" style='border-radius:0px; '><p><div  style='padding-bottom:20px; font-size:50px;' class='av-special-heading av-special-heading-h1  blockquote modern-quote modern-centered  avia-builder-el-27  el_before_av_textblock  avia-builder-el-first  av-thin-font av-inherit-size '><h1 class='av-special-heading-tag '  itemprop=\"headline\"  >Wo passt Fit&amp;Plus<strong>?<\/strong><\/h1><div class='special-heading-border'><div class='special-heading-inner-border' ><\/div><\/div><\/div><br \/>\n<section class=\"av_textblock_section \"  itemscope=\"itemscope\" itemtype=\"https:\/\/schema.org\/CreativeWork\" ><div class='avia_textblock  '   itemprop=\"text\" ><p style=\"text-align: center;\">Personal Training Studios<\/p>\n<p style=\"text-align: center;\">Gyms (Shop-in-Shop)<\/p>\n<p style=\"text-align: center;\">Turnhallen<\/p>\n<p style=\"text-align: center;\">Fitnessstudios<\/p>\n<p style=\"text-align: center;\">Firmen-Fitness<\/p>\n<p style=\"text-align: center;\">Physiotherapiepraxen<\/p>\n<\/div><\/section><\/p><\/div><div class=\"flex_column av_one_fifth  flex_column_div av-zero-column-padding   avia-builder-el-29  el_after_av_three_fifth  avia-builder-el-last  \" style='border-radius:0px; '><\/div>\n\n<\/div><\/div><\/div><!-- close content main div --><\/div><\/div><\/div><div id='av_section_5'  class='avia-section main_color avia-section-large avia-no-border-styling  avia-bg-style-scroll  avia-builder-el-30  el_after_av_section  el_before_av_section   container_wrap fullsize' style='background-color: #020202;  '  ><div class='container' ><div class='template-page content  av-content-full alpha units'><div class='post-entry post-entry-type-page post-entry-515'><div class='entry-content-wrapper clearfix'>\n<div  style='padding-bottom:20px; color:#ffffff;font-size:50px;' class='av-special-heading av-special-heading-h1 custom-color-heading blockquote modern-quote modern-centered  avia-builder-el-31  el_before_av_hr  avia-builder-el-first  av-thin-font av-inherit-size '><h1 class='av-special-heading-tag '  itemprop=\"headline\"  >Unsere Pakete<strong>.<\/strong><\/h1><div class='special-heading-border'><div class='special-heading-inner-border' style='border-color:#ffffff'><\/div><\/div><\/div>\n<div  style='height:20px' class='hr hr-invisible   avia-builder-el-32  el_after_av_heading  el_before_av_image '><span class='hr-inner ' ><span class='hr-inner-style'><\/span><\/span><\/div>\n<div  class='avia-image-container  av-styling-    avia-builder-el-33  el_after_av_hr  avia-builder-el-last  avia-align-center '  itemprop=\"image\" itemscope=\"itemscope\" itemtype=\"https:\/\/schema.org\/ImageObject\"  ><div class='avia-image-container-inner'><div class='avia-image-overlay-wrap'><img class='avia_image' src='https:\/\/fit-and-plus.com\/de\/wp-content\/uploads\/sites\/3\/2020\/07\/prijzen-de-fit-and-plus.png' alt='' title='prijzen-de-fit-and-plus' height=\"768\" width=\"720\"  itemprop=\"thumbnailUrl\"  \/><\/div><\/div><\/div>\n\n<\/div><\/div><\/div><!-- close content main div --><\/div><\/div><div id='av_section_6'  class='avia-section alternate_color avia-section-huge avia-no-border-styling  avia-full-stretch av-section-color-overlay-active avia-bg-style-fixed  avia-builder-el-34  el_after_av_section  avia-builder-el-last   container_wrap fullsize' style='background-repeat: no-repeat; background-image: url(https:\/\/fit-and-plus.com\/de\/wp-content\/uploads\/sites\/3\/2020\/03\/102784_08_Functional_Trainer_0011-1.jpg);background-attachment: fixed; background-position: center center;  '  data-section-bg-repeat='stretch'><div class='av-section-color-overlay-wrap'><div class='av-section-color-overlay' style='opacity: 0.8; background-color: #000000; '><\/div><div class='container' ><div class='template-page content  av-content-full alpha units'><div class='post-entry post-entry-type-page post-entry-515'><div class='entry-content-wrapper clearfix'>\n<div class=\"flex_column av_one_fifth  flex_column_div av-zero-column-padding first  avia-builder-el-35  el_before_av_three_fifth  avia-builder-el-first  \" style='border-radius:0px; '><\/div><div class=\"flex_column av_three_fifth  flex_column_div av-zero-column-padding   avia-builder-el-36  el_after_av_one_fifth  el_before_av_one_fifth  \" style='border-radius:0px; '><p><div  style='padding-bottom:20px; font-size:50px;' class='av-special-heading av-special-heading-h1  blockquote modern-quote modern-centered  avia-builder-el-37  el_before_av_textblock  avia-builder-el-first  av-thin-font av-inherit-size '><h1 class='av-special-heading-tag '  itemprop=\"headline\"  >Interesse<strong>?<\/strong><\/h1><div class='special-heading-border'><div class='special-heading-inner-border' ><\/div><\/div><\/div><br \/>\n<section class=\"av_textblock_section \"  itemscope=\"itemscope\" itemtype=\"https:\/\/schema.org\/CreativeWork\" ><div class='avia_textblock  '   itemprop=\"text\" ><p style=\"text-align: center;\">Du bist ein Unternehmer, der sich f\u00fcr das Fit&amp;Plus-Programm interessiert? Bitte kontaktiere uns unter 02309 6497701 oder sende uns eine E-Mail an <a href=\"mailto:info@fit-and-plus.com\" target=\"_blank\" rel=\"noopener noreferrer\">info@fit-and-plus.com<\/a> und f\u00fchre ein unverbindliches Beratungsgespr\u00e4ch mit uns!<\/p>\n<\/div><\/section><\/p><\/div><div class=\"flex_column av_one_fifth  flex_column_div av-zero-column-padding   avia-builder-el-39  el_after_av_three_fifth  avia-builder-el-last  \" style='border-radius:0px; '><\/div>\n\n","protected":false},"excerpt":{"rendered":"","protected":false},"author":1,"featured_media":0,"parent":0,"menu_order":0,"comment_status":"closed","ping_status":"closed","template":"","meta":{"footnotes":""},"class_list":["post-515","page","type-page","status-publish","hentry"],"_links":{"self":[{"href":"https:\/\/fit-and-plus.com\/de\/wp-json\/wp\/v2\/pages\/515","targetHints":{"allow":["GET"]}}],"collection":[{"href":"https:\/\/fit-and-plus.com\/de\/wp-json\/wp\/v2\/pages"}],"about":[{"href":"https:\/\/fit-and-plus.com\/de\/wp-json\/wp\/v2\/types\/page"}],"author":[{"embeddable":true,"href":"https:\/\/fit-and-plus.com\/de\/wp-json\/wp\/v2\/users\/1"}],"replies":[{"embeddable":true,"href":"https:\/\/fit-and-plus.com\/de\/wp-json\/wp\/v2\/comments?post=515"}],"version-history":[{"count":41,"href":"https:\/\/fit-and-plus.com\/de\/wp-json\/wp\/v2\/pages\/515\/revisions"}],"predecessor-version":[{"id":1737,"href":"https:\/\/fit-and-plus.com\/de\/wp-json\/wp\/v2\/pages\/515\/revisions\/1737"}],"wp:attachment":[{"href":"https:\/\/fit-and-plus.com\/de\/wp-json\/wp\/v2\/media?parent=515"}],"curies":[{"name":"wp","href":"https:\/\/api.w.org\/{rel}","templated":true}]}}