{"id":924,"date":"2020-03-30T13:39:09","date_gmt":"2020-03-30T13:39:09","guid":{"rendered":"http:\/\/fit-and-plus.com\/de.testappcomm.nl\/?page_id=924"},"modified":"2021-01-19T10:49:58","modified_gmt":"2021-01-19T10:49:58","slug":"komplett-programm","status":"publish","type":"page","link":"https:\/\/fit-and-plus.com\/de\/komplett-programm\/","title":{"rendered":"Komplett-programm"},"content":{"rendered":"<div id='av_section_1'  class='avia-section alternate_color avia-section-default avia-no-border-styling  avia-full-stretch av-section-color-overlay-active avia-bg-style-scroll  avia-builder-el-0  el_before_av_section  avia-builder-el-first   av-minimum-height av-minimum-height-25  container_wrap fullsize' style='background-repeat: no-repeat; background-image: url(https:\/\/fit-and-plus.com\/de\/wp-content\/uploads\/sites\/3\/2020\/03\/fit-en-plus-slider.jpg);background-attachment: scroll; background-position: top left;  '  data-section-bg-repeat='stretch' data-av_minimum_height_pc='25'><div class='av-section-color-overlay-wrap'><div class='av-section-color-overlay' style='opacity: 0.5; background-color: #020202; '><\/div><div class='container' ><main  role=\"main\" itemprop=\"mainContentOfPage\"  class='template-page content  av-content-full alpha units'><div class='post-entry post-entry-type-page post-entry-924'><div class='entry-content-wrapper clearfix'>\n<div class=\"flex_column av_one_full  av-animated-generic fade-in  flex_column_div av-zero-column-padding first  avia-builder-el-1  avia-builder-el-no-sibling  \" style='border-radius:0px; '><div  style='padding-bottom:30px; font-size:70px;' class='av-special-heading av-special-heading-h1  blockquote modern-quote  avia-builder-el-2  avia-builder-el-no-sibling  av-thin-font av-inherit-size '><h1 class='av-special-heading-tag '  itemprop=\"headline\"  >Komplett-<strong>programm<\/strong><\/h1><div class ='av-subheading av-subheading_below  ' style='font-size:15px;'><p>Fit&amp;Plus bietet dir als Unternehmer Keiser Fitnessger\u00e4te an. Zus\u00e4tzlich erh\u00e4ltst du ein komplettes<br \/>\nProgramm welches Marketingmaterialien, monatliche Workouts pro Zielgruppe und<br \/>\nAnleitungen zur Unternehmensf\u00fcrhrung beinhaltet.<\/p>\n<\/div><div class='special-heading-border'><div class='special-heading-inner-border' ><\/div><\/div><\/div><\/div>\n\n<\/div><\/div><\/main><!-- close content main element --><\/div><\/div><\/div><div id='av_section_2'  class='avia-section main_color avia-section-large avia-no-border-styling  avia-bg-style-scroll  avia-builder-el-3  el_after_av_section  el_before_av_section   container_wrap fullsize' style=' '  ><div class='container' ><div class='template-page content  av-content-full alpha units'><div class='post-entry post-entry-type-page post-entry-924'><div class='entry-content-wrapper clearfix'>\n<div  style='padding-bottom:10px; ' class='av-special-heading av-special-heading-h2  blockquote modern-quote  avia-builder-el-4  el_before_av_hr  avia-builder-el-first  '><h2 class='av-special-heading-tag '  itemprop=\"headline\"  >Was kannst du jetzt erwarten?<\/h2><div class='special-heading-border'><div class='special-heading-inner-border' ><\/div><\/div><\/div>\n<div  style='height:40px' class='hr hr-invisible   avia-builder-el-5  el_after_av_heading  el_before_av_one_half '><span class='hr-inner ' ><span class='hr-inner-style'><\/span><\/span><\/div>\n<div class='flex_column_table av-equal-height-column-flextable -flextable' ><div class=\"flex_column av_one_half  av-animated-generic bottom-to-top  flex_column_table_cell av-equal-height-column av-align-top first  avia-builder-el-6  el_after_av_hr  el_before_av_one_half  \" style='box-shadow: 0 0 10px 0 #afafaf; padding:35px; border-radius:0px; '><section class=\"av_textblock_section \"  itemscope=\"itemscope\" itemtype=\"https:\/\/schema.org\/CreativeWork\" ><div class='avia_textblock  '   itemprop=\"text\" ><h3>Erstausbildung<\/h3>\n<p>Du beginnst als Unternehmer mit der Gr\u00fcndungsphase. In dieser Gr\u00fcndungsphase nimmst Du an einem zentralen Einf\u00fchrungs- und Schulungstag teil. Es wird eine umfassende Bedarfsanalyse durchgef\u00fchrt und ein Umsetzungsplan erstellt.<\/p>\n<\/div><\/section><\/div><div class='av-flex-placeholder'><\/div><div class=\"flex_column av_one_half  av-animated-generic bottom-to-top  flex_column_table_cell av-equal-height-column av-align-top   avia-builder-el-8  el_after_av_one_half  avia-builder-el-last  \" style='box-shadow: 0 0 10px 0 #afafaf; padding:35px; border-radius:0px; '><section class=\"av_textblock_section \"  itemscope=\"itemscope\" itemtype=\"https:\/\/schema.org\/CreativeWork\" ><div class='avia_textblock  '   itemprop=\"text\" ><h3>Marketing<\/h3>\n<p>Einer unserer Schwerpunkte ist Marketing. Du wirst in folgenden Angelegenheiten unterst\u00fctzt:<br \/>\neinem vollst\u00e4ndigen Marketing-Jahresplan, monatlichen aktuellen Online- und Offline-Marketingkampagnen, einem vollst\u00e4ndigen Marketing-Kit mit Flyern, Postern, Visitenkarten usw.\u00a0Wir k\u00f6nnen Dir ebenfalls beim Branding deiner Location helfen. Wir bieten hierf\u00fcr verschiedene visuelle Elemente, die wir, bei Bedarf speziell f\u00fcr dich bereitstellen.<\/p>\n<\/div><\/section><\/div><\/div><!--close column table wrapper. Autoclose: 1 --><\/div><\/div><\/div><!-- close content main div --><\/div><\/div><div id='av_section_3'  class='avia-section main_color avia-section-default avia-no-border-styling  avia-bg-style-scroll  avia-builder-el-10  el_after_av_section  el_before_av_section   container_wrap fullsize' style='background-color: #f2f2f2;  '  ><div class='container' ><div class='template-page content  av-content-full alpha units'><div class='post-entry post-entry-type-page post-entry-924'><div class='entry-content-wrapper clearfix'>\n<div class='flex_column_table av-equal-height-column-flextable -flextable' ><div class=\"flex_column av_one_half  av-animated-generic bottom-to-top  flex_column_table_cell av-equal-height-column av-align-top first  avia-builder-el-11  el_before_av_one_half  avia-builder-el-first  \" style='background: #ffffff; box-shadow: 0 0 10px 0 #afafaf; padding:35px; background-color:#ffffff; border-radius:0px; '><section class=\"av_textblock_section \"  itemscope=\"itemscope\" itemtype=\"https:\/\/schema.org\/CreativeWork\" ><div class='avia_textblock  '   itemprop=\"text\" ><h3>Der Umsatz<\/h3>\n<p>Es ist wichtig, sich auch auf den Verkauf zu konzentrieren, mit dem du einen h\u00f6heren Prozentsatz vom Interessenten zum Kunden erzielen kannst. Wir bieten einen erfolgreichen 4-Stufen-Plan, eine Verkaufsmethode pro Produkttyp, Lead-Follow-up-Tools usw.<\/p>\n<\/div><\/section><\/div><div class='av-flex-placeholder'><\/div><div class=\"flex_column av_one_half  av-animated-generic bottom-to-top  flex_column_table_cell av-equal-height-column av-align-top   avia-builder-el-13  el_after_av_one_half  avia-builder-el-last  \" style='background: #ffffff; box-shadow: 0 0 10px 0 #afafaf; padding:35px; background-color:#ffffff; border-radius:0px; '><section class=\"av_textblock_section \"  itemscope=\"itemscope\" itemtype=\"https:\/\/schema.org\/CreativeWork\" ><div class='avia_textblock  '   itemprop=\"text\" ><h3>Kundenbetreuung<\/h3>\n<p>Was ist ein Gesch\u00e4ft ohne Kunden? Praktisch nichts. Das macht es nur logisch, dass die Kundenbetreuung Teil des Programmes ist. Du kannst Programme f\u00fcr 7 Personen \/ Kundentypen erwarten, aber auch pers\u00f6nliche (Gruppen-) Trainings- und Coachingprogramme, Lifestyle-Interventionen f\u00fcr Rhythmus und Regelm\u00e4\u00dfigkeit, Bewegung, Training, Ern\u00e4hrung, Regeneration usw.<\/p>\n<\/div><\/section><\/div><\/div><!--close column table wrapper. Autoclose: 1 -->\n<\/p>\n<\/div><\/div><\/div><!-- close content main div --><\/div><\/div><div id='av_section_4'  class='avia-section main_color avia-section-default avia-no-border-styling  avia-bg-style-scroll  avia-builder-el-15  el_after_av_section  el_before_av_masonry_gallery   container_wrap fullsize' style=' '  ><div class='container' ><div class='template-page content  av-content-full alpha units'><div class='post-entry post-entry-type-page post-entry-924'><div class='entry-content-wrapper clearfix'>\n<div class='flex_column_table av-equal-height-column-flextable -flextable' ><div class=\"flex_column av_one_half  av-animated-generic bottom-to-top  flex_column_table_cell av-equal-height-column av-align-top first  avia-builder-el-16  el_before_av_one_half  avia-builder-el-first  \" style='box-shadow: 0 0 10px 0 #afafaf; padding:35px; border-radius:0px; '><section class=\"av_textblock_section \"  itemscope=\"itemscope\" itemtype=\"https:\/\/schema.org\/CreativeWork\" ><div class='avia_textblock  '   itemprop=\"text\" ><h3>Gesch\u00e4fts\u00fcbersicht<\/h3>\n<p>Als Unternehmer erh\u00e4ltst du verschiedene Tipps, Werkzeuge und Optionen hinsichtlich des Gesch\u00e4ftsaufwandes, um Kosten und Zeit zu sparen. Dies umfasst die vollst\u00e4ndig papierlose Registrierung, die unabh\u00e4ngige Online-Unterrichts- und Terminplanung, die Registrierung der Mitarbeiterzeiten und Standard-E-Mails mit h\u00e4ufig gestellten Kundenfragen.<\/p>\n<\/div><\/section><\/div><div class='av-flex-placeholder'><\/div><div class=\"flex_column av_one_half  av-animated-generic bottom-to-top  flex_column_table_cell av-equal-height-column av-align-top   avia-builder-el-18  el_after_av_one_half  avia-builder-el-last  \" style='box-shadow: 0 0 10px 0 #afafaf; padding:35px; border-radius:0px; '><section class=\"av_textblock_section \"  itemscope=\"itemscope\" itemtype=\"https:\/\/schema.org\/CreativeWork\" ><div class='avia_textblock  '   itemprop=\"text\" ><h3>Unternehmerschaft<\/h3>\n<p>M\u00f6chtest du mehr \u00dcberblick und eine bessere Gesch\u00e4ftsf\u00fchrung? Die S\u00e4ule des Unternehmertums lehrt dich als Unternehmer, wie man \u201can\u201c einem Unternehmen arbeitet, anstatt nur &#8220;in&#8221; einem Unternehmen. Du lernst und wirst bei der Erstellung von Jahrespl\u00e4nen und -zielen angeleitet, legst Aufgaben fest, um Ziele zu erreichen. Es finden regelm\u00e4\u00dfige Auswertungen statt, um Ergebnisse und Ziele zu vergleichen.<\/p>\n<\/div><\/section><\/div><\/div><!--close column table wrapper. Autoclose: 1 -->\n\n<div id='av-masonry-1' class='av-masonry  noHover av-fixed-size av-large-gap av-hover-overlay-active av-masonry-animation-active av-masonry-col-4 av-caption-always av-caption-style- av-masonry-gallery     ' style='background-color:#191919; ' ><div class='av-masonry-container isotope av-js-disabled ' ><div class='av-masonry-entry isotope-item av-masonry-item-no-image '><\/div><a href=\"https:\/\/fit-and-plus.com\/de\/wp-content\/uploads\/sites\/3\/2020\/03\/102784_10_Cardio_M5i_0220-1030x688.jpg\" id='av-masonry-1-item-866' data-av-masonry-item='866' class='av-masonry-entry isotope-item post-866 attachment type-attachment status-inherit hentry  av-masonry-item-with-image' title=\"102784_10_Cardio_M5i_0220\"  itemprop=\"thumbnailUrl\" ><div class='av-inner-masonry-sizer'><\/div><figure class='av-inner-masonry main_color'><div class=\"av-masonry-outerimage-container\"><div class=\"av-masonry-image-container\" style=\"background-image: url(https:\/\/fit-and-plus.com\/de\/wp-content\/uploads\/sites\/3\/2020\/03\/102784_10_Cardio_M5i_0220-705x471.jpg);\" title=\"102784_10_Cardio_M5i_0220\" ><\/div><\/div><\/figure><\/a><!--end av-masonry entry--><a href=\"https:\/\/fit-and-plus.com\/de\/wp-content\/uploads\/sites\/3\/2020\/03\/102784_08_Functional_Trainer_0011-1-1030x688.jpg\" id='av-masonry-1-item-865' data-av-masonry-item='865' class='av-masonry-entry isotope-item post-865 attachment type-attachment status-inherit hentry  av-masonry-item-with-image' title=\"102784_08_Functional_Trainer_0011\"  itemprop=\"thumbnailUrl\" ><div class='av-inner-masonry-sizer'><\/div><figure class='av-inner-masonry main_color'><div class=\"av-masonry-outerimage-container\"><div class=\"av-masonry-image-container\" style=\"background-image: url(https:\/\/fit-and-plus.com\/de\/wp-content\/uploads\/sites\/3\/2020\/03\/102784_08_Functional_Trainer_0011-1-705x471.jpg);\" title=\"102784_08_Functional_Trainer_0011\" ><\/div><\/div><\/figure><\/a><!--end av-masonry entry--><a href=\"https:\/\/fit-and-plus.com\/de\/wp-content\/uploads\/sites\/3\/2020\/03\/102784_01_Strength_Air_350_0039-1030x688.jpg\" id='av-masonry-1-item-864' data-av-masonry-item='864' class='av-masonry-entry isotope-item post-864 attachment type-attachment status-inherit hentry  av-masonry-item-with-image' title=\"102784_01_Strength_Air_350_0039\"  itemprop=\"thumbnailUrl\" ><div class='av-inner-masonry-sizer'><\/div><figure class='av-inner-masonry main_color'><div class=\"av-masonry-outerimage-container\"><div class=\"av-masonry-image-container\" style=\"background-image: url(https:\/\/fit-and-plus.com\/de\/wp-content\/uploads\/sites\/3\/2020\/03\/102784_01_Strength_Air_350_0039-705x471.jpg);\" title=\"102784_01_Strength_Air_350_0039\" ><\/div><\/div><\/figure><\/a><!--end av-masonry entry--><a href=\"https:\/\/fit-and-plus.com\/de\/wp-content\/uploads\/sites\/3\/2020\/03\/Air300LegPress_Grandma_361-B_Final-1030x687.jpg\" id='av-masonry-1-item-863' data-av-masonry-item='863' class='av-masonry-entry isotope-item post-863 attachment type-attachment status-inherit hentry  av-masonry-item-with-image' title=\"Air300LegPress_Grandma_361-B_Final\"  itemprop=\"thumbnailUrl\" ><div class='av-inner-masonry-sizer'><\/div><figure class='av-inner-masonry main_color'><div class=\"av-masonry-outerimage-container\"><div class=\"av-masonry-image-container\" style=\"background-image: url(https:\/\/fit-and-plus.com\/de\/wp-content\/uploads\/sites\/3\/2020\/03\/Air300LegPress_Grandma_361-B_Final-705x470.jpg);\" title=\"Air300LegPress_Grandma_361-B_Final\" ><\/div><\/div><\/figure><\/a><!--end av-masonry entry--><\/div><\/div>\n<div id='av_section_5'  class='avia-section main_color avia-section-large avia-no-border-styling  avia-bg-style-scroll  avia-builder-el-21  el_after_av_masonry_gallery  avia-builder-el-last   container_wrap fullsize' style=' '  ><div class='container' ><div class='template-page content  av-content-full alpha units'><div class='post-entry post-entry-type-page post-entry-924'><div class='entry-content-wrapper clearfix'>\n<div  style='padding-bottom:20px; font-size:50px;' class='av-special-heading av-special-heading-h2  blockquote modern-quote modern-centered  avia-builder-el-22  el_before_av_one_full  avia-builder-el-first  av-thin-font av-inherit-size '><h2 class='av-special-heading-tag '  itemprop=\"headline\"  >WERDE FIT&amp;PLUS UNTERNEHMER<strong>?<\/strong><\/h2><div class ='av-subheading av-subheading_below  ' style='font-size:15px;'><p>Bist du bereit f\u00fcr den n\u00e4chsten Schritt als Unternehmer?<\/p>\n<\/div><div class='special-heading-border'><div class='special-heading-inner-border' ><\/div><\/div><\/div>\n<div class=\"flex_column av_one_full  flex_column_div av-zero-column-padding first  avia-builder-el-23  el_after_av_heading  avia-builder-el-last  \" style='border-radius:0px; '><section class=\"av_textblock_section \"  itemscope=\"itemscope\" itemtype=\"https:\/\/schema.org\/CreativeWork\" ><div class='avia_textblock  '   itemprop=\"text\" ><p style=\"text-align: center;\">Suchst du ein umfassendes Konzept, um dein Studio wirklich erfolgreich zu machen?<br \/>\nM\u00f6chtest du Ger\u00e4te, die sowohl f\u00fcr die Rehabilitation als auch f\u00fcr Leistungstraining perfekt sind?<br \/>\nM\u00f6chtest du mit nur einem Konzept verschiedene Zielgruppen trainieren k\u00f6nnen?<br \/>\nMache den Schritt vom Trainer zum Unternehmer?<\/p>\n<\/div><\/section><br \/>\n<section class=\"av_textblock_section \"  itemscope=\"itemscope\" itemtype=\"https:\/\/schema.org\/CreativeWork\" ><div class='avia_textblock  '   itemprop=\"text\" ><p style=\"text-align: center;\">Dann vereinbare jetzt unverbindlich einen Termin f\u00fcr eine erste Beratung. Dies kann telefonisch, per Videoanruf oder pers\u00f6nlich erfolgen.<\/p>\n<\/div><\/section><br \/>\n<div  class='avia-button-wrap avia-button-center  avia-builder-el-26  el_after_av_textblock  avia-builder-el-last ' ><a href='https:\/\/fit-and-plus.com\/de\/kontakt\/'  class='avia-button   avia-icon_select-no avia-color-theme-color avia-size-medium avia-position-center '   ><span class='avia_iconbox_title' >Kontaktieren uns<\/span><\/a><\/div><\/p><\/div>\n\n","protected":false},"excerpt":{"rendered":"","protected":false},"author":1,"featured_media":0,"parent":0,"menu_order":0,"comment_status":"closed","ping_status":"closed","template":"","meta":{"footnotes":""},"class_list":["post-924","page","type-page","status-publish","hentry"],"_links":{"self":[{"href":"https:\/\/fit-and-plus.com\/de\/wp-json\/wp\/v2\/pages\/924","targetHints":{"allow":["GET"]}}],"collection":[{"href":"https:\/\/fit-and-plus.com\/de\/wp-json\/wp\/v2\/pages"}],"about":[{"href":"https:\/\/fit-and-plus.com\/de\/wp-json\/wp\/v2\/types\/page"}],"author":[{"embeddable":true,"href":"https:\/\/fit-and-plus.com\/de\/wp-json\/wp\/v2\/users\/1"}],"replies":[{"embeddable":true,"href":"https:\/\/fit-and-plus.com\/de\/wp-json\/wp\/v2\/comments?post=924"}],"version-history":[{"count":21,"href":"https:\/\/fit-and-plus.com\/de\/wp-json\/wp\/v2\/pages\/924\/revisions"}],"predecessor-version":[{"id":1739,"href":"https:\/\/fit-and-plus.com\/de\/wp-json\/wp\/v2\/pages\/924\/revisions\/1739"}],"wp:attachment":[{"href":"https:\/\/fit-and-plus.com\/de\/wp-json\/wp\/v2\/media?parent=924"}],"curies":[{"name":"wp","href":"https:\/\/api.w.org\/{rel}","templated":true}]}}