{"id":948,"date":"2020-03-30T14:25:47","date_gmt":"2020-03-30T14:25:47","guid":{"rendered":"http:\/\/fit-and-plus.com\/de.testappcomm.nl\/?page_id=948"},"modified":"2020-07-15T12:20:41","modified_gmt":"2020-07-15T12:20:41","slug":"zielgruppe","status":"publish","type":"page","link":"https:\/\/fit-and-plus.com\/de\/zielgruppe\/","title":{"rendered":"Zielgruppe"},"content":{"rendered":"<div id='av_section_1'  class='avia-section alternate_color avia-section-default avia-no-border-styling  avia-full-stretch av-section-color-overlay-active avia-bg-style-scroll  avia-builder-el-0  el_before_av_section  avia-builder-el-first   av-minimum-height av-minimum-height-25  container_wrap fullsize' style='background-repeat: no-repeat; background-image: url(https:\/\/fit-and-plus.com\/de\/wp-content\/uploads\/sites\/3\/2020\/03\/fit-en-plus-slider.jpg);background-attachment: scroll; background-position: top left;  '  data-section-bg-repeat='stretch' data-av_minimum_height_pc='25'><div class='av-section-color-overlay-wrap'><div class='av-section-color-overlay' style='opacity: 0.5; background-color: #020202; '><\/div><div class='container' ><main  role=\"main\" itemprop=\"mainContentOfPage\"  class='template-page content  av-content-full alpha units'><div class='post-entry post-entry-type-page post-entry-948'><div class='entry-content-wrapper clearfix'>\n<div class=\"flex_column av_one_full  av-animated-generic fade-in  flex_column_div av-zero-column-padding first  avia-builder-el-1  avia-builder-el-no-sibling  \" style='border-radius:0px; '><div  style='padding-bottom:30px; font-size:70px;' class='av-special-heading av-special-heading-h1  blockquote modern-quote  avia-builder-el-2  avia-builder-el-no-sibling  av-thin-font av-inherit-size '><h1 class='av-special-heading-tag '  itemprop=\"headline\"  >Zielgruppe<strong>.<\/strong><\/h1><div class ='av-subheading av-subheading_below  ' style='font-size:15px;'><p>Suchst du einen Ger\u00e4tezirkel, mit dem du ALLE Zielgruppen perfekt nach Ma\u00df trainieren kannst? Dies ist mit Fit&amp;Plus m\u00f6glich. Fit&amp;Plus ist f\u00fcr jede Zielgruppe, f\u00fcr jedes Ziel und f\u00fcr jedes Level geeignet. (Amateur-) Sportler, Athleten, Berufst\u00e4tige, Menschen mit wenig Zeit und chronisch Kranke, um nur einige zu nennen.<\/p>\n<\/div><div class='special-heading-border'><div class='special-heading-inner-border' ><\/div><\/div><\/div><\/div><\/div><\/div><\/main><!-- close content main element --><\/div><\/div><\/div><div id='av_section_2'  class='avia-section main_color avia-section-large avia-no-border-styling  avia-bg-style-scroll  avia-builder-el-3  el_after_av_section  el_before_av_masonry_gallery   container_wrap fullsize' style=' '  ><div class='container' ><div class='template-page content  av-content-full alpha units'><div class='post-entry post-entry-type-page post-entry-948'><div class='entry-content-wrapper clearfix'>\n<div  style='padding-bottom:10px; ' class='av-special-heading av-special-heading-h2  blockquote modern-quote  avia-builder-el-4  el_before_av_hr  avia-builder-el-first  '><h2 class='av-special-heading-tag '  itemprop=\"headline\"  >Es gibt f\u00fcnf Fit&amp;Plus-Programme, mit denen du deine Mitglieder ausbilden kannst:<\/h2><div class='special-heading-border'><div class='special-heading-inner-border' ><\/div><\/div><\/div>\n<div  style='height:40px' class='hr hr-invisible   avia-builder-el-5  el_after_av_heading  el_before_av_one_third '><span class='hr-inner ' ><span class='hr-inner-style'><\/span><\/span><\/div>\n<div class=\"flex_column av_one_third  flex_column_div av-zero-column-padding first  avia-builder-el-6  el_after_av_hr  el_before_av_one_third  \" style='border-radius:0px; '><p><span  class=\"av_font_icon avia_animate_when_visible avia-icon-animate  av-icon-style-border  av-no-color avia-icon-pos-center \" style=\"\"><span class='av-icon-char' style='font-size:40px;line-height:40px;width:40px;' aria-hidden='true' data-av_icon='\uf156' data-av_iconfont='flaticon-sports' ><\/span><span class='av_icon_caption av-special-font'>Fit&amp;Plus <strong>f\u00fcr die Arbeit<\/strong><\/span><\/span><br \/>\n<section class=\"av_textblock_section \"  itemscope=\"itemscope\" itemtype=\"https:\/\/schema.org\/CreativeWork\" ><div class='avia_textblock  '   itemprop=\"text\" ><p style=\"text-align: center;\">Menschen, die viel Zeit im Sitzen verbringen oder Menschen, die k\u00f6rperliche Probleme bei der Arbeit haben und in kurzer Zeit fit werden wollen.<\/p>\n<\/div><\/section><\/p><\/div><div class=\"flex_column av_one_third  flex_column_div av-zero-column-padding   avia-builder-el-9  el_after_av_one_third  el_before_av_one_third  \" style='border-radius:0px; '><p><span  class=\"av_font_icon avia_animate_when_visible avia-icon-animate  av-icon-style-border  av-no-color avia-icon-pos-center \" style=\"\"><span class='av-icon-char' style='font-size:40px;line-height:40px;width:40px;' aria-hidden='true' data-av_icon='\uf154' data-av_iconfont='flaticon-sports' ><\/span><span class='av_icon_caption av-special-font'>Fit&amp;Plus <strong>f\u00fcr den Sport<\/strong><\/span><\/span><br \/>\n<section class=\"av_textblock_section \"  itemscope=\"itemscope\" itemtype=\"https:\/\/schema.org\/CreativeWork\" ><div class='avia_textblock  '   itemprop=\"text\" ><p style=\"text-align: center;\">Sportler, die einen gesunden und trainierten K\u00f6rper wollen\/erhalten wollen.<\/p>\n<\/div><\/section><\/p><\/div><div class=\"flex_column av_one_third  flex_column_div av-zero-column-padding   avia-builder-el-12  el_after_av_one_third  el_before_av_one_third  \" style='border-radius:0px; '><p><span  class=\"av_font_icon avia_animate_when_visible avia-icon-animate  av-icon-style-border  av-no-color avia-icon-pos-center \" style=\"\"><span class='av-icon-char' style='font-size:40px;line-height:40px;width:40px;' aria-hidden='true' data-av_icon='\uf10e' data-av_iconfont='flaticon-sports' ><\/span><span class='av_icon_caption av-special-font'>Fit&amp;Plus <strong>Schnell<\/strong><\/span><\/span><br \/>\n<section class=\"av_textblock_section \"  itemscope=\"itemscope\" itemtype=\"https:\/\/schema.org\/CreativeWork\" ><div class='avia_textblock  '   itemprop=\"text\" ><p style=\"text-align: center;\">Menschen, die durch Arbeit, Kinder und ein soziales Leben ein gesch\u00e4ftiges Leben f\u00fchren und innerhalb von 25 Minuten fit werden m\u00f6chten.<\/p>\n<\/div><\/section><\/p><\/div><div class=\"flex_column av_one_third  flex_column_div av-zero-column-padding first  avia-builder-el-15  el_after_av_one_third  el_before_av_one_third  column-top-margin\" style='border-radius:0px; '><p><span  class=\"av_font_icon avia_animate_when_visible avia-icon-animate  av-icon-style-border  av-no-color avia-icon-pos-center \" style=\"\"><span class='av-icon-char' style='font-size:40px;line-height:40px;width:40px;' aria-hidden='true' data-av_icon='\uf10a' data-av_iconfont='flaticon-sports' ><\/span><span class='av_icon_caption av-special-font'>Fit&amp;Plus <strong>Funktional Bleiben<\/strong><\/span><\/span><br \/>\n<section class=\"av_textblock_section \"  itemscope=\"itemscope\" itemtype=\"https:\/\/schema.org\/CreativeWork\" ><div class='avia_textblock  '   itemprop=\"text\" ><p style=\"text-align: center;\">\u00c4ltere Menschen, die in einem h\u00f6heren Alter funktional bleiben m\u00f6chten, um weiterhin allt\u00e4gliche Aufgaben zu erledigen.<\/p>\n<\/div><\/section><\/p><\/div><div class=\"flex_column av_one_third  flex_column_div av-zero-column-padding   avia-builder-el-18  el_after_av_one_third  avia-builder-el-last  column-top-margin\" style='border-radius:0px; '><p><span  class=\"av_font_icon avia_animate_when_visible avia-icon-animate  av-icon-style-border  av-no-color avia-icon-pos-center \" style=\"\"><span class='av-icon-char' style='font-size:40px;line-height:40px;width:40px;' aria-hidden='true' data-av_icon='\uf12e' data-av_iconfont='flaticon-sports' ><\/span><span class='av_icon_caption av-special-font'>Fit&amp;Plus <strong>f\u00fcr Gesundheit<\/strong><\/span><\/span><br \/>\n<section class=\"av_textblock_section \"  itemscope=\"itemscope\" itemtype=\"https:\/\/schema.org\/CreativeWork\" ><div class='avia_textblock  '   itemprop=\"text\" ><p style=\"text-align: center;\">Menschen, die gesundheitlichen Problemen oder einer Wohlstandskrankheit vorbeugen wollen.<\/p>\n<\/div><\/section><\/p><\/div><div id='av-masonry-1' class='av-masonry  noHover av-fixed-size av-large-gap av-hover-overlay-active av-masonry-animation-active av-masonry-col-4 av-caption-always av-caption-style- av-masonry-gallery     ' style='background-color:#191919; ' ><div class='av-masonry-container isotope av-js-disabled ' ><div class='av-masonry-entry isotope-item av-masonry-item-no-image '><\/div><a href=\"https:\/\/fit-and-plus.com\/de\/wp-content\/uploads\/sites\/3\/2020\/03\/102784_10_Cardio_M5i_0220-1030x688.jpg\" id='av-masonry-1-item-866' data-av-masonry-item='866' class='av-masonry-entry isotope-item post-866 attachment type-attachment status-inherit hentry  av-masonry-item-with-image' title=\"102784_10_Cardio_M5i_0220\"  itemprop=\"thumbnailUrl\" ><div class='av-inner-masonry-sizer'><\/div><figure class='av-inner-masonry main_color'><div class=\"av-masonry-outerimage-container\"><div class=\"av-masonry-image-container\" style=\"background-image: url(https:\/\/fit-and-plus.com\/de\/wp-content\/uploads\/sites\/3\/2020\/03\/102784_10_Cardio_M5i_0220-705x471.jpg);\" title=\"102784_10_Cardio_M5i_0220\" ><\/div><\/div><\/figure><\/a><!--end av-masonry entry--><a href=\"https:\/\/fit-and-plus.com\/de\/wp-content\/uploads\/sites\/3\/2020\/03\/102784_08_Functional_Trainer_0011-1-1030x688.jpg\" id='av-masonry-1-item-865' data-av-masonry-item='865' class='av-masonry-entry isotope-item post-865 attachment type-attachment status-inherit hentry  av-masonry-item-with-image' title=\"102784_08_Functional_Trainer_0011\"  itemprop=\"thumbnailUrl\" ><div class='av-inner-masonry-sizer'><\/div><figure class='av-inner-masonry main_color'><div class=\"av-masonry-outerimage-container\"><div class=\"av-masonry-image-container\" style=\"background-image: url(https:\/\/fit-and-plus.com\/de\/wp-content\/uploads\/sites\/3\/2020\/03\/102784_08_Functional_Trainer_0011-1-705x471.jpg);\" title=\"102784_08_Functional_Trainer_0011\" ><\/div><\/div><\/figure><\/a><!--end av-masonry entry--><a href=\"https:\/\/fit-and-plus.com\/de\/wp-content\/uploads\/sites\/3\/2020\/03\/102784_01_Strength_Air_350_0039-1030x688.jpg\" id='av-masonry-1-item-864' data-av-masonry-item='864' class='av-masonry-entry isotope-item post-864 attachment type-attachment status-inherit hentry  av-masonry-item-with-image' title=\"102784_01_Strength_Air_350_0039\"  itemprop=\"thumbnailUrl\" ><div class='av-inner-masonry-sizer'><\/div><figure class='av-inner-masonry main_color'><div class=\"av-masonry-outerimage-container\"><div class=\"av-masonry-image-container\" style=\"background-image: url(https:\/\/fit-and-plus.com\/de\/wp-content\/uploads\/sites\/3\/2020\/03\/102784_01_Strength_Air_350_0039-705x471.jpg);\" title=\"102784_01_Strength_Air_350_0039\" ><\/div><\/div><\/figure><\/a><!--end av-masonry entry--><a href=\"https:\/\/fit-and-plus.com\/de\/wp-content\/uploads\/sites\/3\/2020\/03\/Air300LegPress_Grandma_361-B_Final-1030x687.jpg\" id='av-masonry-1-item-863' data-av-masonry-item='863' class='av-masonry-entry isotope-item post-863 attachment type-attachment status-inherit hentry  av-masonry-item-with-image' title=\"Air300LegPress_Grandma_361-B_Final\"  itemprop=\"thumbnailUrl\" ><div class='av-inner-masonry-sizer'><\/div><figure class='av-inner-masonry main_color'><div class=\"av-masonry-outerimage-container\"><div class=\"av-masonry-image-container\" style=\"background-image: url(https:\/\/fit-and-plus.com\/de\/wp-content\/uploads\/sites\/3\/2020\/03\/Air300LegPress_Grandma_361-B_Final-705x470.jpg);\" title=\"Air300LegPress_Grandma_361-B_Final\" ><\/div><\/div><\/figure><\/a><!--end av-masonry entry--><\/div><\/div><\/p>\n<div id='av_section_3'  class='avia-section main_color avia-section-huge avia-no-border-styling  avia-bg-style-fixed  avia-builder-el-22  el_after_av_masonry_gallery  avia-builder-el-last   container_wrap fullsize' style=' '  ><div class='container' ><div class='template-page content  av-content-full alpha units'><div class='post-entry post-entry-type-page post-entry-948'><div class='entry-content-wrapper clearfix'>\n<div  style='padding-bottom:20px; font-size:50px;' class='av-special-heading av-special-heading-h1  blockquote modern-quote modern-centered  avia-builder-el-23  el_before_av_one_fifth  avia-builder-el-first  av-thin-font av-inherit-size '><h1 class='av-special-heading-tag '  itemprop=\"headline\"  >WERDE FIT&amp;PLUS UNTERNEHMER<strong>?<\/strong><\/h1><div class ='av-subheading av-subheading_below  ' style='font-size:15px;'><p>Bist du bereit f\u00fcr den n\u00e4chsten Schritt als Unternehmer?<\/p>\n<\/div><div class='special-heading-border'><div class='special-heading-inner-border' ><\/div><\/div><\/div>\n<div class=\"flex_column av_one_fifth  flex_column_div av-zero-column-padding first  avia-builder-el-24  el_after_av_heading  el_before_av_three_fifth  \" style='border-radius:0px; '><\/div><div class=\"flex_column av_three_fifth  flex_column_div av-zero-column-padding   avia-builder-el-25  el_after_av_one_fifth  el_before_av_one_fifth  \" style='border-radius:0px; '><section class=\"av_textblock_section \"  itemscope=\"itemscope\" itemtype=\"https:\/\/schema.org\/CreativeWork\" ><div class='avia_textblock  '   itemprop=\"text\" ><p style=\"text-align: center;\">Suchst du ein umfassendes Konzept, um dein Studio wirklich erfolgreich zu machen?<br \/>\nM\u00f6chtest du Ger\u00e4te, die sowohl f\u00fcr die Rehabilitation als auch f\u00fcr Leistungstraining perfekt sind?<br \/>\nM\u00f6chtest du mit nur einem Konzept verschiedene Zielgruppen trainieren k\u00f6nnen?<br \/>\nMache den Schritt vom Trainer zum Unternehmer?<\/p>\n<p style=\"text-align: center;\">Dann vereinbare jetzt unverbindlich einen Termin f\u00fcr eine erste Beratung. Dies kann telefonisch, per Videoanruf oder pers\u00f6nlich erfolgen.<\/p>\n<\/div><\/section><\/div><div class=\"flex_column av_one_fifth  flex_column_div av-zero-column-padding   avia-builder-el-27  el_after_av_three_fifth  el_before_av_button  \" style='border-radius:0px; '><\/div><div  class='avia-button-wrap avia-button-center  avia-builder-el-28  el_after_av_one_fifth  avia-builder-el-last ' ><a href='https:\/\/fit-and-plus.com\/de\/unternehmer\/'  class='avia-button av-icon-on-hover  avia-icon_select-yes-right-icon avia-color-theme-color avia-size-large avia-position-center '   ><span class='avia_iconbox_title' >WEITERLESEN<\/span><span class='avia_button_icon avia_button_icon_right' aria-hidden='true' data-av_icon='\ue879' data-av_iconfont='entypo-fontello'><\/span><\/a><\/div>\n\n","protected":false},"excerpt":{"rendered":"","protected":false},"author":1,"featured_media":0,"parent":0,"menu_order":0,"comment_status":"closed","ping_status":"closed","template":"","meta":{"footnotes":""},"class_list":["post-948","page","type-page","status-publish","hentry"],"_links":{"self":[{"href":"https:\/\/fit-and-plus.com\/de\/wp-json\/wp\/v2\/pages\/948","targetHints":{"allow":["GET"]}}],"collection":[{"href":"https:\/\/fit-and-plus.com\/de\/wp-json\/wp\/v2\/pages"}],"about":[{"href":"https:\/\/fit-and-plus.com\/de\/wp-json\/wp\/v2\/types\/page"}],"author":[{"embeddable":true,"href":"https:\/\/fit-and-plus.com\/de\/wp-json\/wp\/v2\/users\/1"}],"replies":[{"embeddable":true,"href":"https:\/\/fit-and-plus.com\/de\/wp-json\/wp\/v2\/comments?post=948"}],"version-history":[{"count":10,"href":"https:\/\/fit-and-plus.com\/de\/wp-json\/wp\/v2\/pages\/948\/revisions"}],"predecessor-version":[{"id":1566,"href":"https:\/\/fit-and-plus.com\/de\/wp-json\/wp\/v2\/pages\/948\/revisions\/1566"}],"wp:attachment":[{"href":"https:\/\/fit-and-plus.com\/de\/wp-json\/wp\/v2\/media?parent=948"}],"curies":[{"name":"wp","href":"https:\/\/api.w.org\/{rel}","templated":true}]}}